{"id":11,"date":"2025-09-16T06:43:20","date_gmt":"2025-09-16T03:43:20","guid":{"rendered":"https:\/\/gxtrade.ro\/?page_id=11"},"modified":"2025-09-25T16:55:18","modified_gmt":"2025-09-25T13:55:18","slug":"contact","status":"publish","type":"page","link":"https:\/\/gxtrade.ro\/it\/contact\/","title":{"rendered":"Contatto"},"content":{"rendered":"<div>Contacteaz\u0103-ne \u0219i un membru al echipei Gx-Trade \u00ee\u021bi va oferi suportul de care ai nevoie.<\/div>\n<h1>Credem c\u0103 fiecare proiect \u00eencepe cu o discu\u021bie bun\u0103.<\/h1>\n<div>Indiferent dac\u0103 ai nevoie de consultan\u021b\u0103 pentru dezvoltarea unui parc fotovoltaic sau cau\u021bi un partener de \u00eencredere pentru proiectare \u0219i execu\u021bie, echipa noastr\u0103 este preg\u0103tit\u0103 s\u0103 \u00ee\u021bi r\u0103spund\u0103.<\/div>\n<p><p>\n        <a href=\"mailto:contact@gxtrade.ro\">contact@gxtrade.ro<\/a>\n    <\/p>\n<\/p>\n<div><div class='fluentform ff-default fluentform_wrapper_4 ffs_default_wrap'><form data-form_id=\"4\" id=\"fluentform_4\" class=\"frm-fluent-form fluent_form_4 ff-el-form-top ff_form_instance_4_1 ff-form-loading ffs_default\" data-form_instance=\"ff_form_instance_4_1\" method=\"POST\" ><fieldset  style=\"border: none!important;margin: 0!important;padding: 0!important;background-color: transparent!important;box-shadow: none!important;outline: none!important; min-inline-size: 100%;\">\n                    <legend class=\"ff_screen_reader_title\" style=\"display: block; margin: 0!important;padding: 0!important;height: 0!important;text-indent: -999999px;width: 0!important;overflow:hidden;\">Cerere de Oferta - Parcuri Fotovoltaice si Eoliene<\/legend><input type='hidden' name='__fluent_form_embded_post_id' value='11' \/><input type=\"hidden\" id=\"_fluentform_4_fluentformnonce\" name=\"_fluentform_4_fluentformnonce\" value=\"8d547715c8\" \/><input type=\"hidden\" name=\"_wp_http_referer\" value=\"\/it\/wp-json\/wp\/v2\/pages\/11\" \/><div data-name=\"ff_cn_id_1\"  class='ff-t-container ff-column-container ff_columns_total_2 '><div class='ff-t-cell ff-t-column-1' style='flex-basis: 50%;'><div class='ff-el-group'><div class=\"ff-el-input--label ff-el-is-required asterisk-right\"><label for='ff_4_implementation_location' id='label_ff_4_implementation_location' aria-label=\"Numele companiei\">Numele companiei<\/label><\/div><div class='ff-el-input--content'><input type=\"text\" name=\"implementation_location\" class=\"ff-el-form-control uk-input\" placeholder=\"Nume companie, CUI si adres\u0103\" data-name=\"implementation_location\" id=\"ff_4_implementation_location\"  aria-invalid=\"false\" aria-required=true><\/div><\/div><\/div><div class='ff-t-cell ff-t-column-2' style='flex-basis: 50%;'><div class='ff-el-group'><div class=\"ff-el-input--label ff-el-is-required asterisk-right\"><label for='ff_4_implementation_location_2' id='label_ff_4_implementation_location_2' aria-label=\"Numele dumneavoastr\u0103\">Numele dumneavoastr\u0103<\/label><\/div><div class='ff-el-input--content'><input type=\"text\" name=\"implementation_location_2\" class=\"ff-el-form-control uk-input\" placeholder=\"Numele dumneavoastr\u0103\" data-name=\"implementation_location_2\" id=\"ff_4_implementation_location_2\"  aria-invalid=\"false\" aria-required=true><\/div><\/div><\/div><\/div><div class='ff-el-group'><div class=\"ff-el-input--label ff-el-is-required asterisk-right\"><label for='ff_4_email' id='label_ff_4_email' aria-label=\"Email\">Email<\/label><\/div><div class='ff-el-input--content'><input type=\"email\" name=\"email\" id=\"ff_4_email\" class=\"ff-el-form-control uk-input\" placeholder=\"Adresa de email\" data-name=\"email\"  aria-invalid=\"false\" aria-required=true><\/div><\/div><div class='ff-el-group'><div class=\"ff-el-input--label ff-el-is-required asterisk-right\"><label for='ff_4_phone' id='label_ff_4_phone' aria-label=\"Num\u0103r de telefon\">Num\u0103r de telefon<\/label><\/div><div class='ff-el-input--content'><input name=\"phone\" class=\"ff-el-form-control ff-el-phone uk-input ff_el_with_extended_validation\" type=\"tel\" placeholder=\"Num\u0103r de telefon\" data-name=\"phone\" id=\"ff_4_phone\" inputmode=\"tel\"  aria-invalid='false' aria-required=true><\/div><\/div><div class='ff-el-group'><div class=\"ff-el-input--label ff-el-is-required asterisk-right\"><label for='ff_4_implementation_location_1' id='label_ff_4_implementation_location_1' aria-label=\"Loca\u021bia de implementare a proiectului\">Loca\u021bia de implementare a proiectului<\/label><\/div><div class='ff-el-input--content'><input type=\"text\" name=\"implementation_location_1\" class=\"ff-el-form-control uk-input\" placeholder=\"Loca\u021bia de implementare a proiectului\" data-name=\"implementation_location_1\" id=\"ff_4_implementation_location_1\"  aria-invalid=\"false\" aria-required=true><\/div><\/div><div class='ff-el-group'><div class=\"ff-el-input--label ff-el-is-required asterisk-right\"><label for='ff_4_project_type' id='label_ff_4_project_type' aria-label=\"Tipul proiectului\">Tipul proiectului<\/label><\/div><div class='ff-el-input--content'><select name=\"project_type\" id=\"ff_4_project_type\" class=\"ff-el-form-control uk-input\" data-name=\"project_type\" data-calc_value=\"0\"  aria-invalid=\"false\" aria-required=\"true\" aria-labelledby=\"label_ff_4_project_type\"><option value=\"\">- Selecteaz\u0103 -<\/option><option value=\"fotovoltaic\"  >Parc Fotovoltaic<\/option><option value=\"eolian\"  >Parc Eolian<\/option><option value=\"hibrid\"  >Hibrid (Fotovoltaic \u0219i Eolian)<\/option><\/select><\/div><\/div><div class='ff-el-group'><div class=\"ff-el-input--label asterisk-right\"><label for='ff_4_project_details' id='label_ff_4_project_details' aria-label=\"Detalii suplimentare despre proiect\">Detalii suplimentare despre proiect<\/label><\/div><div class='ff-el-input--content'><textarea aria-required=\"false\" aria-labelledby=\"label_ff_4_project_details\" name=\"project_details\" id=\"ff_4_project_details\" class=\"ff-el-form-control uk-input\" placeholder=\"Detalii suplimentare despre proiect (op\u021bional)\" rows=\"3\" cols=\"2\" data-name=\"project_details\" ><\/textarea><\/div><\/div><div class='ff-el-group    ff-el-input--content'><div class='ff-el-form-check ff-el-tc'><label aria-label='Sunt de acord ca acest site web s\u0103 stocheze informa\u021biile trimise de mine pentru a putea r\u0103spunde solicit\u0103rii mele.' class='ff-el-form-check-label ff_tc_label' for=gdpr-agreement_24208d8cd8da98a0c9df414b346c1f66><span class='ff_tc_checkbox'><input type=\"checkbox\" name=\"gdpr-agreement\" class=\"ff-el-form-check-input ff_gdpr_field\" data-name=\"gdpr-agreement\" id=\"gdpr-agreement_24208d8cd8da98a0c9df414b346c1f66\"  value='on' aria-invalid='false' aria-required=true><\/span> <div class='ff_t_c'>Sunt de acord ca acest site web s\u0103 stocheze informa\u021biile trimise de mine pentru a putea r\u0103spunde solicit\u0103rii mele.<\/div><\/label><\/div><\/div><div class='ff-el-group ' ><div class='ff-el-input--content'><div data-fluent_id='4' name='g-recaptcha-response'><div\n\t\tdata-sitekey='6Ld29dQrAAAAACDcc8nDA5r51THZ81DLwvGCsqlp'\n\t\tid='fluentform-recaptcha-4-1'\n\t\tclass='ff-el-recaptcha g-recaptcha'\n\t\tdata-callback='fluentFormrecaptchaSuccessCallback'><\/div><\/div><\/div><\/div><div class='ff-el-group ff-text-left ff_submit_btn_wrapper ff_submit_btn_wrapper_custom'><button class=\"ff-btn ff-btn-submit ff-btn-md ff_btn_style wpf_has_custom_css\" type=\"submit\" name=\"custom_submit_button-4_1\" data-name=\"custom_submit_button-4_1\"  aria-label=\"Trimite Cererea\">Trimite Cererea<\/button><style>form.fluent_form_4 .wpf_has_custom_css.ff-btn-submit { background-color:#1a7efb;border-color:#1a7efb;color:#ffffff;min-width:100%; }form.fluent_form_4 .wpf_has_custom_css.ff-btn-submit:hover { background-color:#ffffff;border-color:#1a7efb;color:#1a7efb;min-width:100%; } <\/style><\/div><\/fieldset><\/form><div id='fluentform_4_errors' class='ff-errors-in-stack ff_form_instance_4_1 ff-form-loading_errors ff_form_instance_4_1_errors'><\/div><\/div>            <script type=\"text\/javascript\">\n                window.fluent_form_ff_form_instance_4_1 = {\"id\":\"4\",\"ajaxUrl\":\"https:\\\/\\\/gxtrade.ro\\\/wp-admin\\\/admin-ajax.php\",\"settings\":{\"layout\":{\"labelPlacement\":\"top\",\"asteriskPlacement\":\"asterisk-right\",\"helpMessagePlacement\":\"with_label\",\"errorMessagePlacement\":\"inline\",\"cssClassName\":\"\"},\"restrictions\":{\"denyEmptySubmission\":{\"enabled\":false}}},\"form_instance\":\"ff_form_instance_4_1\",\"form_id_selector\":\"fluentform_4\",\"rules\":{\"implementation_location\":{\"required\":{\"value\":true,\"message\":\"Questo campo \\u00e8 obbligatorio\",\"global_message\":\"This field is required\",\"global\":true}},\"implementation_location_2\":{\"required\":{\"value\":true,\"message\":\"Questo campo \\u00e8 obbligatorio\",\"global_message\":\"This field is required\",\"global\":true}},\"email\":{\"required\":{\"value\":true,\"message\":\"Questo campo \\u00e8 obbligatorio\",\"global_message\":\"This field is required\",\"global\":true},\"email\":{\"value\":true,\"message\":\"Questo campo deve contenere un indirizzo email valido\",\"global_message\":\"This field must contain a valid email\",\"global\":true}},\"phone\":{\"required\":{\"value\":true,\"message\":\"Questo campo \\u00e8 obbligatorio\",\"global_message\":\"This field is required\",\"global\":true},\"valid_phone_number\":{\"value\":true,\"message\":\"Il numero di telefono non \\u00e8 valido\",\"global_message\":\"Phone number is not valid\",\"global\":true}},\"implementation_location_1\":{\"required\":{\"value\":true,\"message\":\"Questo campo \\u00e8 obbligatorio\",\"global_message\":\"This field is required\",\"global\":true}},\"project_type\":{\"required\":{\"value\":true,\"message\":\"Questo campo \\u00e8 obbligatorio\",\"global_message\":\"This field is required\",\"global\":true}},\"project_details\":{\"required\":{\"value\":false,\"message\":\"Questo campo \\u00e8 obbligatorio\",\"global_message\":\"This field is required\",\"global\":true}},\"gdpr-agreement\":{\"required\":{\"value\":true,\"message\":\"Questo campo \\u00e8 obbligatorio\",\"global_message\":\"This field is required\",\"global\":true}},\"g-recaptcha-response\":[]},\"debounce_time\":300};\n                            <\/script>\n            <\/div>\n<h2>Informa\u021bii contact<\/h2>\n<div>Com. S\u00e2ntandrei, nr. 626<br \/>\nBihor, Rom\u00e2nia<\/div>\n<ul>\n<li>\n<h3>Mobil<\/h3>\n<div><a class=\"uk-link-reset\" href=\"tel:+40 744 255 944\">+40 744 255 944<\/a><\/div>\n<\/li>\n<li>\n<h3>Email<\/h3>\n<div><a class=\"uk-link-reset\" href=\"mailto:contact@gxtrade.ro\">contact@gxtrade.ro<\/a><\/div>\n<\/li>\n<\/ul>\n<h2>Program birou<\/h2>\n<ul>\n<li>\n<h3>Luni &#8211; Vineri<\/h3>\n<div>09:00 &#8211; 16:00<\/div>\n<\/li>\n<li>\n<h3>S\u00e2m.\/Dum.<\/h3>\n<div>\u00cenchis<\/div>\n<\/li>\n<\/ul>\n<h2>Date de identificare<\/h2>\n<div>Gx-Trade Bussiness Management S.R.L.<br \/>\nCUI RO48667328 | J05\/2118\/2023<\/div>\n<div>\n<p>47.0682397,21.8547586<\/p>\n<h3>GX-TRADE BUSINESS MANAGEMENT S.R.L.<\/h3>\n<div>\n<p>com. S\u00e2ntandrei, nr. 626<br \/> <br \/>\nBihor, Rom\u00e2nia<\/p>\n<p><a href=\"mailto:\t\ncontact@gxtrade.ro\"><br \/>\ncontact@gxtrade.ro<\/a><br \/>\n<a class=\"uk-link-reset\" href=\"tel:+40 744 255 944\">+40 744 255 944<\/a><\/p>\n<\/div>\n<\/div>\n<p><!--more--><br \/>\n<!-- {\"type\":\"layout\",\"children\":[{\"name\":\"Image\",\"type\":\"section\",\"props\":{\"height\":\"viewport\",\"height_viewport\":40,\"image\":\"wp-content\\\/uploads\\\/2025\\\/09\\\/hp-hero-02.jpg\",\"image_effect\":\"fixed\",\"image_loading\":true,\"image_position\":\"center-center\",\"image_size\":\"cover\",\"image_width\":\"2560\",\"media_overlay\":\"rgba(2, 26, 43, 0.58)\",\"padding\":\"large\",\"preserve_color\":false,\"style\":\"default\",\"text_color\":\"light\",\"title_breakpoint\":\"xl\",\"title_position\":\"top-left\",\"title_rotation\":\"left\",\"vertical_align\":\"middle\",\"width\":\"default\"},\"children\":[{\"type\":\"row\",\"children\":[{\"type\":\"column\",\"props\":{\"image_position\":\"center-center\",\"position_sticky_breakpoint\":\"m\",\"width_medium\":\"1-1\"},\"children\":[{\"type\":\"headline\",\"props\":{\"margin_remove_bottom\":true,\"title_element\":\"h1\"},\"source\":{\"query\":{\"name\":\"pages.singlePage\"},\"props\":{\"content\":{\"name\":\"title\"}}}},{\"type\":\"text\",\"props\":{\"column_breakpoint\":\"m\",\"content\":\"Contacteaz\\u0103-ne \\u0219i un membru al echipei Gx-Trade \\u00ee\\u021bi va oferi suportul de care ai nevoie.\",\"margin\":\"default\",\"margin_remove_top\":true}}]}]}]},{\"name\":\"Contact\",\"type\":\"section\",\"props\":{\"animation\":\"fade\",\"image_position\":\"center-center\",\"image_size\":\"cover\",\"padding\":\"large\",\"padding_remove_bottom\":false,\"style\":\"default\",\"title_breakpoint\":\"xl\",\"title_position\":\"top-left\",\"title_rotation\":\"left\",\"vertical_align\":\"\",\"width\":\"default\"},\"children\":[{\"type\":\"row\",\"children\":[{\"type\":\"column\",\"props\":{\"image_position\":\"center-center\",\"position_sticky_breakpoint\":\"m\",\"width_medium\":\"1-2\"},\"children\":[{\"type\":\"headline\",\"props\":{\"content\":\"Credem c\\u0103 fiecare proiect \\u00eencepe cu o discu\\u021bie bun\\u0103.\",\"maxwidth\":\"2xlarge\",\"text_align\":\"left\",\"title_element\":\"h1\",\"title_style\":\"h2\"}},{\"type\":\"divider\",\"props\":{\"divider_element\":\"div\",\"divider_style\":\"small\"}},{\"type\":\"text\",\"props\":{\"column_breakpoint\":\"m\",\"content\":\"Indiferent dac\\u0103 ai nevoie de consultan\\u021b\\u0103 pentru dezvoltarea unui parc fotovoltaic sau cau\\u021bi un partener de \\u00eencredere pentru proiectare \\u0219i execu\\u021bie, echipa noastr\\u0103 este preg\\u0103tit\\u0103 s\\u0103 \\u00ee\\u021bi r\\u0103spund\\u0103.\",\"margin\":\"medium\",\"maxwidth\":\"xlarge\",\"text_align\":\"left\"}},{\"type\":\"button\",\"props\":{\"grid_column_gap\":\"small\",\"grid_row_gap\":\"small\",\"margin\":\"default\"},\"children\":[{\"type\":\"button_item\",\"props\":{\"button_style\":\"default\",\"content\":\"contact@gxtrade.ro\",\"dialog_layout\":\"modal\",\"dialog_offcanvas_flip\":true,\"icon_align\":\"left\",\"link\":\"mailto:contact@gxtrade.ro\"}}]}]},{\"type\":\"column\",\"props\":{\"image_position\":\"center-center\",\"position_sticky_breakpoint\":\"m\",\"width_medium\":\"1-2\"},\"children\":[{\"type\":\"text\",\"props\":{\"column_breakpoint\":\"m\",\"content\":\"[fluentform id=\\\"4\\\"]\",\"margin\":\"default\"}}]}],\"props\":{\"layout\":\"1-2,1-2\"}},{\"type\":\"row\",\"props\":{\"column_gap\":\"large\",\"layout\":\"1-3,1-3,1-3\",\"margin\":\"xlarge\",\"row_gap\":\"large\",\"width\":\"default\"},\"children\":[{\"type\":\"column\",\"props\":{\"image_position\":\"center-center\",\"position_sticky_breakpoint\":\"m\",\"width_medium\":\"1-3\"},\"children\":[{\"type\":\"headline\",\"props\":{\"content\":\"Informa\\u021bii contact\",\"margin\":\"medium\",\"margin_remove_bottom\":true,\"title_decoration\":\"divider\",\"title_element\":\"h2\",\"title_style\":\"h4\"}},{\"type\":\"text\",\"props\":{\"column_breakpoint\":\"m\",\"content\":\"Com. S\\u00e2ntandrei, nr. 626<br \/>\\nBihor, Rom\\u00e2nia\",\"margin\":\"default\",\"text_align\":\"left\"}},{\"type\":\"description_list\",\"props\":{\"column_breakpoint\":\"m\",\"layout\":\"grid-2\",\"list_element\":\"ul\",\"meta_align\":\"below-content\",\"meta_style\":\"text-meta\",\"show_content\":true,\"show_link\":true,\"show_meta\":true,\"show_title\":true,\"title_element\":\"div\",\"title_grid_column_gap\":\"small\",\"title_grid_row_gap\":\"small\",\"title_grid_width\":\"small\"},\"children\":[{\"type\":\"description_list_item\",\"props\":{\"content\":\"<a class=\\\"uk-link-reset\\\" href=\\\"tel:+40 744 255 944\\\">+40 744 255 944<\\\/a>\",\"title\":\"Mobil\"}},{\"type\":\"description_list_item\",\"props\":{\"content\":\"<a class=\\\"uk-link-reset\\\" href=\\\"mailto:contact@gxtrade.ro\\\">contact@gxtrade.ro<\\\/a>\",\"title\":\"Email\"}}]}]},{\"type\":\"column\",\"props\":{\"image_position\":\"center-center\",\"position_sticky_breakpoint\":\"m\",\"width_medium\":\"1-3\"},\"children\":[{\"type\":\"headline\",\"props\":{\"content\":\"Program birou\",\"margin\":\"medium\",\"margin_remove_bottom\":true,\"title_decoration\":\"divider\",\"title_element\":\"h2\",\"title_style\":\"h4\"}},{\"type\":\"description_list\",\"props\":{\"column_breakpoint\":\"m\",\"layout\":\"grid-2\",\"list_element\":\"ul\",\"meta_align\":\"below-content\",\"meta_style\":\"text-meta\",\"show_content\":true,\"show_link\":true,\"show_meta\":true,\"show_title\":true,\"title_element\":\"div\",\"title_grid_column_gap\":\"small\",\"title_grid_row_gap\":\"small\",\"title_grid_width\":\"small\"},\"children\":[{\"type\":\"description_list_item\",\"props\":{\"content\":\"09:00 - 16:00\",\"title\":\"Luni - Vineri\"}},{\"type\":\"description_list_item\",\"props\":{\"content\":\"\\u00cenchis\",\"title\":\"S\\u00e2m.\\\/Dum.\"}}]},{\"type\":\"description_list\",\"props\":{\"column_breakpoint\":\"m\",\"layout\":\"grid-2\",\"list_element\":\"ul\",\"meta_align\":\"below-content\",\"meta_style\":\"text-meta\",\"show_content\":true,\"show_link\":true,\"show_meta\":true,\"show_title\":true,\"status\":\"disabled\",\"title_element\":\"div\",\"title_grid_column_gap\":\"small\",\"title_grid_row_gap\":\"small\",\"title_grid_width\":\"small\"},\"children\":[{\"type\":\"description_list_item\",\"props\":{\"content\":\"11.30 am - 2 pm\",\"title\":\"Lunch\"}}]}]},{\"type\":\"column\",\"props\":{\"image_position\":\"center-center\",\"position_sticky_breakpoint\":\"m\",\"width_medium\":\"1-3\"},\"children\":[{\"type\":\"headline\",\"props\":{\"content\":\"Date de identificare\",\"margin_remove_bottom\":false,\"title_decoration\":\"divider\",\"title_element\":\"h2\",\"title_style\":\"h4\"}},{\"type\":\"text\",\"props\":{\"column_breakpoint\":\"m\",\"content\":\"Gx-Trade Bussiness Management S.R.L.<br \/>\\nCUI RO48667328 | J05\\\/2118\\\/2023\",\"margin\":\"remove-vertical\",\"margin_remove_bottom\":true}}]}]}]},{\"name\":\"Map\",\"type\":\"section\",\"props\":{\"image_position\":\"center-center\",\"padding\":\"none\",\"style\":\"default\",\"title_breakpoint\":\"xl\",\"title_position\":\"top-left\",\"title_rotation\":\"left\",\"vertical_align\":\"\",\"width\":\"\"},\"children\":[{\"type\":\"row\",\"children\":[{\"type\":\"column\",\"props\":{\"image_position\":\"center-center\",\"position_sticky_breakpoint\":\"m\",\"width_medium\":\"1-1\"},\"children\":[{\"type\":\"map\",\"props\":{\"content_margin\":\"remove\",\"controls\":false,\"dragging\":false,\"height\":\"600\",\"image_svg_color\":\"emphasis\",\"link_style\":\"default\",\"link_text\":\"Read more\",\"margin\":\"default\",\"max_zoom\":18,\"meta_align\":\"below-title\",\"meta_element\":\"div\",\"meta_style\":\"text-meta\",\"min_zoom\":0,\"poi\":false,\"show_content\":true,\"show_image\":true,\"show_link\":true,\"show_meta\":true,\"show_title\":true,\"styler_gamma\":\"0.3\",\"styler_lightness\":\"90\",\"styler_saturation\":\"-100\",\"title_element\":\"h3\",\"title_hover_style\":\"reset\",\"type\":\"roadmap\",\"zoom\":\"16\",\"zooming\":false},\"children\":[{\"type\":\"map_item\",\"props\":{\"content\":\"\n\n<p>com. S\\u00e2ntandrei, nr. 626<br \/> \\nBihor, Rom\\u00e2nia<\\\/p>\\n\n\n<p><a href=\\\"mailto:\\t\\ncontact@gxtrade.ro\\\">\\t\\ncontact@gxtrade.ro<\\\/a><br \/>\\n<a class=\\\"uk-link-reset\\\" href=\\\"tel:+40 744 255 944\\\">+40 744 255 944<\\\/a><\\\/p>\",\"location\":\"47.0682397,21.8547586\",\"title\":\"GX-TRADE BUSINESS MANAGEMENT S.R.L.\"}}]}]}]}]}],\"version\":\"4.5.28\"} --><\/p>\n","protected":false},"excerpt":{"rendered":"<p>Contacteaz\u0103-ne \u0219i un membru al echipei Gx-Trade \u00ee\u021bi va oferi suportul de care ai nevoie. Credem c\u0103 fiecare proiect \u00eencepe cu o discu\u021bie bun\u0103. Indiferent dac\u0103 ai nevoie de consultan\u021b\u0103 pentru dezvoltarea unui parc fotovoltaic sau cau\u021bi un partener de \u00eencredere pentru proiectare \u0219i execu\u021bie, echipa noastr\u0103 este preg\u0103tit\u0103 s\u0103 \u00ee\u021bi r\u0103spund\u0103. contact@gxtrade.ro Informa\u021bii contact [&hellip;]<\/p>\n","protected":false},"author":1,"featured_media":0,"parent":0,"menu_order":0,"comment_status":"closed","ping_status":"closed","template":"","meta":{"_acf_changed":false,"footnotes":""},"class_list":["post-11","page","type-page","status-publish","hentry"],"acf":[],"_links":{"self":[{"href":"https:\/\/gxtrade.ro\/it\/wp-json\/wp\/v2\/pages\/11","targetHints":{"allow":["GET"]}}],"collection":[{"href":"https:\/\/gxtrade.ro\/it\/wp-json\/wp\/v2\/pages"}],"about":[{"href":"https:\/\/gxtrade.ro\/it\/wp-json\/wp\/v2\/types\/page"}],"author":[{"embeddable":true,"href":"https:\/\/gxtrade.ro\/it\/wp-json\/wp\/v2\/users\/1"}],"replies":[{"embeddable":true,"href":"https:\/\/gxtrade.ro\/it\/wp-json\/wp\/v2\/comments?post=11"}],"version-history":[{"count":3,"href":"https:\/\/gxtrade.ro\/it\/wp-json\/wp\/v2\/pages\/11\/revisions"}],"predecessor-version":[{"id":359,"href":"https:\/\/gxtrade.ro\/it\/wp-json\/wp\/v2\/pages\/11\/revisions\/359"}],"wp:attachment":[{"href":"https:\/\/gxtrade.ro\/it\/wp-json\/wp\/v2\/media?parent=11"}],"curies":[{"name":"wp","href":"https:\/\/api.w.org\/{rel}","templated":true}]}}