{"id":17,"date":"2025-09-16T06:43:57","date_gmt":"2025-09-16T03:43:57","guid":{"rendered":"https:\/\/gxtrade.ro\/?page_id=17"},"modified":"2025-09-17T17:35:27","modified_gmt":"2025-09-17T14:35:27","slug":"proiecte","status":"publish","type":"page","link":"https:\/\/gxtrade.ro\/it\/proiecte\/","title":{"rendered":"progetto"},"content":{"rendered":"<div>\n<h1>Proiectele noastre<\/h1>\n<div>Fiecare proiect realizat de noi reflect\u0103 experien\u021ba \u0219i angajamentul nostru pentru calitate. De la instala\u021bii de sute de kW la parcuri fotovoltaice de mai mul\u021bi MW, dezvolt\u0103m solu\u021bii eficiente \u0219i durabile care transform\u0103 energia solar\u0103 \u00een progres real.<\/div>\n<\/div>\n<div>\n<\/div>\n<p><!--more--><br \/>\n<!-- {\"type\":\"layout\",\"children\":[{\"name\":\"Hero\",\"type\":\"section\",\"props\":{\"animation\":\"fade\",\"header_transparent\":true,\"header_transparent_noplaceholder\":true,\"height\":\"section\",\"height_offset_top\":true,\"image\":\"wp-content\\\/uploads\\\/2025\\\/09\\\/despre-noi-hero-01.jpg\",\"image_position\":\"center-center\",\"image_size\":\"cover\",\"media_overlay\":\"rgba(2, 26, 43, 0.7)\",\"padding\":\"xlarge\",\"padding_remove_top\":false,\"style\":\"default\",\"text_color\":\"light\",\"title_breakpoint\":\"xl\",\"title_position\":\"top-left\",\"title_rotation\":\"left\",\"vertical_align\":\"middle\",\"width\":\"default\"},\"children\":[{\"type\":\"row\",\"props\":{\"column_gap\":\"small\",\"layout\":\"1-2,1-2\",\"row_gap\":\"small\",\"width\":\"default\"},\"children\":[{\"type\":\"column\",\"props\":{\"image_position\":\"center-center\",\"position_sticky_breakpoint\":\"m\",\"width_medium\":\"1-2\"},\"children\":[{\"type\":\"panel\",\"props\":{\"content\":\"Fiecare proiect realizat de noi reflect\\u0103 experien\\u021ba \\u0219i angajamentul nostru pentru calitate. De la instala\\u021bii de sute de kW la parcuri fotovoltaice de mai mul\\u021bi MW, dezvolt\\u0103m solu\\u021bii eficiente \\u0219i durabile care transform\\u0103 energia solar\\u0103 \\u00een progres real.\",\"content_column_breakpoint\":\"m\",\"icon_width\":80,\"image_align\":\"top\",\"image_grid_breakpoint\":\"m\",\"image_grid_width\":\"1-2\",\"image_svg_color\":\"emphasis\",\"link_style\":\"default\",\"link_text\":\"Read more\",\"margin\":\"medium\",\"maxwidth\":\"large\",\"meta_align\":\"below-title\",\"meta_element\":\"div\",\"meta_style\":\"text-meta\",\"title\":\"Proiectele noastre\",\"title_align\":\"top\",\"title_element\":\"h1\",\"title_grid_breakpoint\":\"m\",\"title_grid_width\":\"1-2\",\"title_hover_style\":\"reset\"}}]},{\"type\":\"column\",\"props\":{\"image_position\":\"center-center\",\"position_sticky_breakpoint\":\"m\",\"width_medium\":\"1-2\"}}]}]},{\"name\":\"Projects\",\"type\":\"section\",\"props\":{\"animation\":\"slide-top-small\",\"animation_delay\":false,\"image_position\":\"center-center\",\"padding\":\"large\",\"style\":\"default\",\"title_breakpoint\":\"xl\",\"title_position\":\"top-left\",\"title_rotation\":\"left\",\"vertical_align\":\"\",\"width\":\"default\"},\"children\":[{\"type\":\"row\",\"children\":[{\"type\":\"column\",\"props\":{\"image_position\":\"center-center\",\"position_sticky_breakpoint\":\"m\"},\"children\":[{\"type\":\"grid\",\"props\":{\"content_column_breakpoint\":\"m\",\"filter_align\":\"left\",\"filter_all\":true,\"filter_grid_breakpoint\":\"m\",\"filter_grid_width\":\"auto\",\"filter_position\":\"top\",\"filter_style\":\"tab\",\"grid_column_gap\":\"large\",\"grid_default\":\"1\",\"grid_medium\":\"\",\"grid_row_gap\":\"large\",\"icon_width\":80,\"image_align\":\"right\",\"image_grid_breakpoint\":\"m\",\"image_grid_column_gap\":\"large\",\"image_grid_row_gap\":\"large\",\"image_grid_width\":\"2-3\",\"image_link\":true,\"image_svg_color\":\"emphasis\",\"image_width\":\"920\",\"item_animation\":true,\"lightbox_bg_close\":true,\"link_style\":\"primary\",\"link_text\":\"Vezi proiect\",\"margin\":\"default\",\"meta_align\":\"above-title\",\"meta_color\":\"muted\",\"meta_element\":\"div\",\"meta_style\":\"heading-medium\",\"parallax_easing\":\"1\",\"show_content\":true,\"show_hover_image\":true,\"show_hover_video\":true,\"show_image\":true,\"show_link\":true,\"show_meta\":true,\"show_title\":true,\"show_video\":true,\"title_align\":\"top\",\"title_element\":\"h2\",\"title_grid_breakpoint\":\"m\",\"title_grid_width\":\"1-2\",\"title_hover_style\":\"reset\",\"title_link\":true,\"title_margin\":\"small\",\"title_style\":\"h3\"},\"children\":[{\"type\":\"grid_item\",\"source\":{\"query\":{\"name\":\"posts.customPosts\",\"arguments\":{\"terms\":[3],\"category_operator\":\"IN\",\"post_tag_operator\":\"IN\",\"users\":[],\"users_operator\":\"IN\",\"offset\":0,\"limit\":10,\"order\":\"date\",\"order_direction\":\"DESC\"}},\"props\":{\"title\":{\"name\":\"title\"},\"image\":{\"name\":\"featuredImage.url\"},\"content\":{\"name\":\"excerpt\"},\"link\":{\"name\":\"link\"},\"meta\":{\"name\":\"field.proiect_nr\"}}}},{\"type\":\"grid_item\",\"props\":{\"content\":\"Business\",\"image\":\"wp-content\\\/uploads\\\/projects-06.jpg\",\"link\":\"#\",\"meta\":\"06\",\"status\":\"disabled\",\"title\":\"Commercial Advertising Guidance for Nino\\u00e9\"}}]}]}]}]}],\"version\":\"4.5.27\"} --><\/p>\n","protected":false},"excerpt":{"rendered":"<p>Proiectele noastre Fiecare proiect realizat de noi reflect\u0103 experien\u021ba \u0219i angajamentul nostru pentru calitate. De la instala\u021bii de sute de kW la parcuri fotovoltaice de mai mul\u021bi MW, dezvolt\u0103m solu\u021bii eficiente \u0219i durabile care transform\u0103 energia solar\u0103 \u00een progres real.<\/p>","protected":false},"author":1,"featured_media":0,"parent":0,"menu_order":0,"comment_status":"closed","ping_status":"closed","template":"","meta":{"_acf_changed":false,"footnotes":""},"class_list":["post-17","page","type-page","status-publish","hentry"],"acf":[],"_links":{"self":[{"href":"https:\/\/gxtrade.ro\/it\/wp-json\/wp\/v2\/pages\/17","targetHints":{"allow":["GET"]}}],"collection":[{"href":"https:\/\/gxtrade.ro\/it\/wp-json\/wp\/v2\/pages"}],"about":[{"href":"https:\/\/gxtrade.ro\/it\/wp-json\/wp\/v2\/types\/page"}],"author":[{"embeddable":true,"href":"https:\/\/gxtrade.ro\/it\/wp-json\/wp\/v2\/users\/1"}],"replies":[{"embeddable":true,"href":"https:\/\/gxtrade.ro\/it\/wp-json\/wp\/v2\/comments?post=17"}],"version-history":[{"count":3,"href":"https:\/\/gxtrade.ro\/it\/wp-json\/wp\/v2\/pages\/17\/revisions"}],"predecessor-version":[{"id":208,"href":"https:\/\/gxtrade.ro\/it\/wp-json\/wp\/v2\/pages\/17\/revisions\/208"}],"wp:attachment":[{"href":"https:\/\/gxtrade.ro\/it\/wp-json\/wp\/v2\/media?parent=17"}],"curies":[{"name":"wp","href":"https:\/\/api.w.org\/{rel}","templated":true}]}}